{"id":14,"date":"2026-04-18T17:05:18","date_gmt":"2026-04-18T17:05:18","guid":{"rendered":"https:\/\/atasehirpimapen.net\/?page_id=14"},"modified":"2026-04-18T17:05:18","modified_gmt":"2026-04-18T17:05:18","slug":"denge-muhendislik-pimapen-atasehir-pencere-pvc","status":"publish","type":"page","link":"https:\/\/atasehirpimapen.net\/index.php\/denge-muhendislik-pimapen-atasehir-pencere-pvc\/","title":{"rendered":"DENGE M\u00dcHENDISLIK PIMAPEN ATA\u015eEH\u0130R Pencere Pvc"},"content":{"rendered":"<header>\n<h3 class=\"stil1\">DENGE M\u00dcHENDISLIK PIMAPEN ATA\u015eEH\u0130R Pencere Pvc<\/h3>\n<\/header>\n<p>Ata\u015fehir Pimapen\u00a0<span class=\"stil1\">Pencere Pvc\u00a0<\/span>denge m\u00fchendislik pimapen yetkili bayi olarak sizlere her alanda tam destek vermeye devam etmekteyiz.<\/p>\n<p>Bizi aray\u0131n sorunsuz hizmetin ayr\u0131cla\u0131\u011fna\u00a0<span class=\"stil1\">bizimle ula\u015f\u0131n<\/span>\u00a0her konuda tam destek ekipleriyle sizlere hizmet etmekten memnuniyet duymaktay\u0131z.<\/p>\n<p>Do\u011fru hizmet ayr\u0131cal\u0131\u011fna ula\u015fman\u0131n en iyi yolu bize ula\u015fman\u0131z. Do\u011fru se\u00e7im, ata\u015fehir Pimapen\u00a0<span class=\"stil1\">Pencere Pvc<\/span>\u00a0sistemleri olarak hizmet etmekteyiz..<\/p>\n<p><span class=\"stil6\">Ata\u015fehir Pimapen Fabrika Bayi\u00a0<\/span>olarak, Do\u011fru hizmet ayr\u0131cal\u0131\u011fna\u00a0<strong>Ata\u015fehir denge pimapen<\/strong>\u00a0olarak sizler ehizmet etmekten memnuniyet duymaktay\u0131z.<\/p>\n<p>Ata\u015fehir Pimapen\u00a0<span class=\"stil1\">Pencere Pvc<\/span>\u00a0Her alanda sizlere hizmet etmekten memnuniyet duymaktad\u0131r.\u00a0<span class=\"stil1\">Sizleri hizmet ayr\u0131cla\u0131\u011f\u0131na<\/span>\u00a0ula\u015ft\u0131rmak i\u00e7in bizi tercih edin. Sizlere hizmet etmekten memnuniyet duymaktay\u0131z.<\/p>\n<footer><a class=\"button special\" href=\"https:\/\/web.archive.org\/web\/20180118003139\/http:\/\/www.atasehirpimapen.net\/tr\/bilgipimapen\/pencere-sistemleri.html\">DEVAMI..<\/a><\/footer>\n","protected":false},"excerpt":{"rendered":"<p>DENGE M\u00dcHENDISLIK PIMAPEN ATA\u015eEH\u0130R Pencere Pvc Ata\u015fehir Pimapen\u00a0Pencere Pvc\u00a0denge m\u00fchendislik pimapen yetkili bayi olarak sizlere her alanda tam destek vermeye devam etmekteyiz. Bizi aray\u0131n sorunsuz hizmetin ayr\u0131cla\u0131\u011fna\u00a0bizimle ula\u015f\u0131n\u00a0her konuda tam destek ekipleriyle sizlere hizmet etmekten memnuniyet duymaktay\u0131z. Do\u011fru hizmet ayr\u0131cal\u0131\u011fna ula\u015fman\u0131n en iyi yolu bize ula\u015fman\u0131z. Do\u011fru se\u00e7im, ata\u015fehir Pimapen\u00a0Pencere Pvc\u00a0sistemleri olarak hizmet etmekteyiz.. Ata\u015fehir &#8230;<\/p>\n","protected":false},"author":1,"featured_media":0,"parent":0,"menu_order":0,"comment_status":"closed","ping_status":"closed","template":"","meta":{"footnotes":""},"class_list":["post-14","page","type-page","status-publish","hentry"],"_links":{"self":[{"href":"https:\/\/atasehirpimapen.net\/index.php\/wp-json\/wp\/v2\/pages\/14","targetHints":{"allow":["GET"]}}],"collection":[{"href":"https:\/\/atasehirpimapen.net\/index.php\/wp-json\/wp\/v2\/pages"}],"about":[{"href":"https:\/\/atasehirpimapen.net\/index.php\/wp-json\/wp\/v2\/types\/page"}],"author":[{"embeddable":true,"href":"https:\/\/atasehirpimapen.net\/index.php\/wp-json\/wp\/v2\/users\/1"}],"replies":[{"embeddable":true,"href":"https:\/\/atasehirpimapen.net\/index.php\/wp-json\/wp\/v2\/comments?post=14"}],"version-history":[{"count":1,"href":"https:\/\/atasehirpimapen.net\/index.php\/wp-json\/wp\/v2\/pages\/14\/revisions"}],"predecessor-version":[{"id":15,"href":"https:\/\/atasehirpimapen.net\/index.php\/wp-json\/wp\/v2\/pages\/14\/revisions\/15"}],"wp:attachment":[{"href":"https:\/\/atasehirpimapen.net\/index.php\/wp-json\/wp\/v2\/media?parent=14"}],"curies":[{"name":"wp","href":"https:\/\/api.w.org\/{rel}","templated":true}]}}