{"id":16,"date":"2026-04-18T17:06:00","date_gmt":"2026-04-18T17:06:00","guid":{"rendered":"https:\/\/atasehirpimapen.net\/?page_id=16"},"modified":"2026-04-18T17:06:00","modified_gmt":"2026-04-18T17:06:00","slug":"atasehir-pimapen-hakkinda-bilgi","status":"publish","type":"page","link":"https:\/\/atasehirpimapen.net\/index.php\/atasehir-pimapen-hakkinda-bilgi\/","title":{"rendered":"Ata\u015fehir Pimapen Hakk\u0131nda Bilgi"},"content":{"rendered":"<p>Ata\u015fehir denge pimapen olarak sizlere\u00a0<span class=\"stil1\">20 y\u0131ld\u0131r hizmet<\/span>\u00a0etmekteyiz. Konusunda deneyimli ekiplere sahip olan firmam\u0131z.\u00a0<span class=\"stil1\">Her aldan tam destek\u00a0<\/span>ekipleriyle do\u011fru hizmet ayr\u0131cal\u0131\u011f\u0131n\u0131 sizlere sunmaya devam etmektedir.<\/p>\n<p><span class=\"stil1\">Ata\u015fehir Pimapen Yetkili Bayi<\/span>\u00a0Bizi aramdan karar vermekte acele etmeyiniz Sorunsuz hizmetin ayr\u0131cal\u0131\u011fna bizimle ula\u015f\u0131n..<\/p>\n<p>Do\u011fru tercih i\u00e7in\u00a0<span class=\"stil6\">pimapen pvc pencere\u00a0<\/span>konusunda do\u011fru firma ile i\u015flemlerinizi yapman\u0131z, eviniz i\u00e7in uzun \u00f6mr\u00fcl\u00fc kullan\u0131mlara yol a\u00e7maktad\u0131r.<\/p>\n<p><span class=\"stil1\">Ata\u015fehir Pimapen pencere pcv ve sineklik\u00a0<\/span>sistemleriyle her daim tercih sebebi olan pimapen firmam\u0131z, konusunda kalitlei hizmet ve servis ayr\u0131cal\u0131\u011f\u0131n\u0131 sizlere sunmaya devam etmektedir.<\/p>\n<p><span class=\"stil6\">Ata\u015fehir Pimapen<\/span>\u00a0Olarak, Bizi aramadan karar vermekte acele etmeyiniz.<\/p>\n","protected":false},"excerpt":{"rendered":"<p>Ata\u015fehir denge pimapen olarak sizlere\u00a020 y\u0131ld\u0131r hizmet\u00a0etmekteyiz. Konusunda deneyimli ekiplere sahip olan firmam\u0131z.\u00a0Her aldan tam destek\u00a0ekipleriyle do\u011fru hizmet ayr\u0131cal\u0131\u011f\u0131n\u0131 sizlere sunmaya devam etmektedir. Ata\u015fehir Pimapen Yetkili Bayi\u00a0Bizi aramdan karar vermekte acele etmeyiniz Sorunsuz hizmetin ayr\u0131cal\u0131\u011fna bizimle ula\u015f\u0131n.. Do\u011fru tercih i\u00e7in\u00a0pimapen pvc pencere\u00a0konusunda do\u011fru firma ile i\u015flemlerinizi yapman\u0131z, eviniz i\u00e7in uzun \u00f6mr\u00fcl\u00fc kullan\u0131mlara yol a\u00e7maktad\u0131r. Ata\u015fehir &#8230;<\/p>\n","protected":false},"author":1,"featured_media":0,"parent":0,"menu_order":0,"comment_status":"closed","ping_status":"closed","template":"","meta":{"footnotes":""},"class_list":["post-16","page","type-page","status-publish","hentry"],"_links":{"self":[{"href":"https:\/\/atasehirpimapen.net\/index.php\/wp-json\/wp\/v2\/pages\/16","targetHints":{"allow":["GET"]}}],"collection":[{"href":"https:\/\/atasehirpimapen.net\/index.php\/wp-json\/wp\/v2\/pages"}],"about":[{"href":"https:\/\/atasehirpimapen.net\/index.php\/wp-json\/wp\/v2\/types\/page"}],"author":[{"embeddable":true,"href":"https:\/\/atasehirpimapen.net\/index.php\/wp-json\/wp\/v2\/users\/1"}],"replies":[{"embeddable":true,"href":"https:\/\/atasehirpimapen.net\/index.php\/wp-json\/wp\/v2\/comments?post=16"}],"version-history":[{"count":1,"href":"https:\/\/atasehirpimapen.net\/index.php\/wp-json\/wp\/v2\/pages\/16\/revisions"}],"predecessor-version":[{"id":17,"href":"https:\/\/atasehirpimapen.net\/index.php\/wp-json\/wp\/v2\/pages\/16\/revisions\/17"}],"wp:attachment":[{"href":"https:\/\/atasehirpimapen.net\/index.php\/wp-json\/wp\/v2\/media?parent=16"}],"curies":[{"name":"wp","href":"https:\/\/api.w.org\/{rel}","templated":true}]}}