{"id":18,"date":"2026-04-18T17:06:51","date_gmt":"2026-04-18T17:06:51","guid":{"rendered":"https:\/\/atasehirpimapen.net\/?page_id=18"},"modified":"2026-04-18T17:06:51","modified_gmt":"2026-04-18T17:06:51","slug":"atasehir-pimapen-sineklik","status":"publish","type":"page","link":"https:\/\/atasehirpimapen.net\/index.php\/atasehir-pimapen-sineklik\/","title":{"rendered":"Ata\u015fehir PIMAPEN Sineklik"},"content":{"rendered":"<h3 class=\"stil1\">Ata\u015fehir PIMAPEN Sineklik<\/h3>\n<p><span class=\"stil1\">Ata\u015fehir pimapen Sineklik<\/span>\u00a0olarak sizlere hizmet etmekten memnuniyet duymaktay\u0131z. firmam\u0131z fabrika bayi olup, 1 hafta imalat ve\u00a0<span class=\"stil1\">bir g\u00fcnde montaj\u00a0<\/span>hizmetlerini sizlere sunmaktay\u0131z.<\/p>\n<p><span class=\"stil1\">Ata\u015fehir Pimapen Sineklik<\/span>\u00a0olarak, Do\u011fru hizmet ayr\u0131cal\u0131\u011fna ula\u015fman\u0131n yolu yetkili\u00a0<span class=\"stil1\">pimapen\u00a0<\/span>bayilerinden hizmet almaktad\u0131r.\u00a0<span class=\"stil1\">Ata\u015fehir Pimapen Sineklik<\/span>\u00a0Sizlere verilen her hizmet sonras\u0131 m\u00fc\u015fteri temsilcilerimizi taraf\u0131n\u0131z\u0131 arayarak, memnuniyet denetlemesi yapmaktad\u0131r.<\/p>\n<p><span class=\"stil1\">Ata\u015fehir Pimapen Sineklik Hizmeti :\u00a0<\/span>Konusunda&#8217;da kendi b\u00fcnyesinde yeti\u015ftirmi\u015f oldu\u011fu, teknik ekiplerimiz, her aladan ba\u015far\u0131yla hizmet vermi\u015f ve m\u00fc\u015fteri memnuniyet odakl\u0131 olarak \u00e7al\u0131\u015fmaktad\u0131r.<\/p>\n<p><span class=\"stil1\">Ata\u015fehir Pimapen Du\u015fakabin Sistemleri<\/span>\u00a0ile, Bir \u00e7ok m\u00fc\u015fterimizin memnuniyetini kazanm\u0131\u015f olan firmam\u0131z sizlere do\u011fru hizmet ayr\u0131cal\u0131\u011f\u0131na ula\u015ft\u0131rmaktad\u0131r.<\/p>\n","protected":false},"excerpt":{"rendered":"<p>Ata\u015fehir PIMAPEN Sineklik Ata\u015fehir pimapen Sineklik\u00a0olarak sizlere hizmet etmekten memnuniyet duymaktay\u0131z. firmam\u0131z fabrika bayi olup, 1 hafta imalat ve\u00a0bir g\u00fcnde montaj\u00a0hizmetlerini sizlere sunmaktay\u0131z. Ata\u015fehir Pimapen Sineklik\u00a0olarak, Do\u011fru hizmet ayr\u0131cal\u0131\u011fna ula\u015fman\u0131n yolu yetkili\u00a0pimapen\u00a0bayilerinden hizmet almaktad\u0131r.\u00a0Ata\u015fehir Pimapen Sineklik\u00a0Sizlere verilen her hizmet sonras\u0131 m\u00fc\u015fteri temsilcilerimizi taraf\u0131n\u0131z\u0131 arayarak, memnuniyet denetlemesi yapmaktad\u0131r. Ata\u015fehir Pimapen Sineklik Hizmeti :\u00a0Konusunda&#8217;da kendi b\u00fcnyesinde yeti\u015ftirmi\u015f &#8230;<\/p>\n","protected":false},"author":1,"featured_media":0,"parent":0,"menu_order":0,"comment_status":"closed","ping_status":"closed","template":"","meta":{"footnotes":""},"class_list":["post-18","page","type-page","status-publish","hentry"],"_links":{"self":[{"href":"https:\/\/atasehirpimapen.net\/index.php\/wp-json\/wp\/v2\/pages\/18","targetHints":{"allow":["GET"]}}],"collection":[{"href":"https:\/\/atasehirpimapen.net\/index.php\/wp-json\/wp\/v2\/pages"}],"about":[{"href":"https:\/\/atasehirpimapen.net\/index.php\/wp-json\/wp\/v2\/types\/page"}],"author":[{"embeddable":true,"href":"https:\/\/atasehirpimapen.net\/index.php\/wp-json\/wp\/v2\/users\/1"}],"replies":[{"embeddable":true,"href":"https:\/\/atasehirpimapen.net\/index.php\/wp-json\/wp\/v2\/comments?post=18"}],"version-history":[{"count":1,"href":"https:\/\/atasehirpimapen.net\/index.php\/wp-json\/wp\/v2\/pages\/18\/revisions"}],"predecessor-version":[{"id":19,"href":"https:\/\/atasehirpimapen.net\/index.php\/wp-json\/wp\/v2\/pages\/18\/revisions\/19"}],"wp:attachment":[{"href":"https:\/\/atasehirpimapen.net\/index.php\/wp-json\/wp\/v2\/media?parent=18"}],"curies":[{"name":"wp","href":"https:\/\/api.w.org\/{rel}","templated":true}]}}